{"id":21830,"date":"2019-04-29T09:23:08","date_gmt":"2019-04-29T09:23:08","guid":{"rendered":"https:\/\/meigal.pt\/?page_id=21830"},"modified":"2022-11-14T11:42:49","modified_gmt":"2022-11-14T11:42:49","slug":"fornecedores-de-alimentos-para-restaurantes","status":"publish","type":"page","link":"https:\/\/meigal.fr\/pt\/fornecedores-de-alimentos-para-restaurantes\/","title":{"rendered":"Food Service"},"content":{"rendered":"<section data-vc-full-width=\"true\" data-vc-full-width-init=\"false\" class=\"vc_row wpb_row vc_row-fluid  vc_custom_1556528855921 vc_row-has-fill pofo-stretch-content pofo-stretch-row-container\"><div class=\"wpb_column vc_column_container  col-xs-mobile-fullwidth\"><div class=\"vc_column-inner \"><div class=\"wpb_wrapper\"><div class=\"vc_row wpb_row vc_inner vc_row-fluid\"><div class=\"wpb_column vc_column_container vc_col-sm-6  col-xs-mobile-fullwidth\"><div class=\"vc_column-inner \"><div class=\"wpb_wrapper\">[vc_single_image image=&#8221;21775&#8243; img_size=&#8221;full&#8221; alignment=&#8221;center&#8221;][vc_btn title=&#8221;Ver todos os produtos&#8221; style=&#8221;outline&#8221; shape=&#8221;round&#8221; align=&#8221;center&#8221; css=&#8221;.vc_custom_1556528901411{margin-top: 30px !important;}&#8221;]<\/div><\/div><\/div><div class=\"wpb_column vc_column_container vc_col-sm-6  col-xs-mobile-fullwidth\"><div class=\"vc_column-inner \"><div class=\"wpb_wrapper\">[vc_custom_heading text=&#8221;Food Service&#8221; font_container=&#8221;tag:h2|font_size:32px|text_align:left|color:%23ffffff|line_height:20%20px&#8221; google_fonts=&#8221;font_family:Nunito%3A300%2Cregular%2C700|font_style:700%20bold%20regular%3A700%3Anormal&#8221;][vc_custom_heading text=&#8221;Fornecedores de alimentos para restaurantes e outros estabelecimentos&#8221; font_container=&#8221;tag:h1|font_size:32px|text_align:left|color:%23ffffff|line_height:40%20px&#8221; google_fonts=&#8221;font_family:Nunito%3A300%2Cregular%2C700|font_style:300%20light%20regular%3A300%3Anormal&#8221;]<div class=\"last-paragraph-no-margin\" style=\"color: #ffffff;\"><p>A Meigal \u00e9 um dos principais fornecedores de alimentos para restaurantes, churrasqueiras com sala de refei\u00e7\u00f5es, bares, pastelarias, cantinas e empresas de catering e outros estabelecimentos direcionados para o <em>Food Service<\/em> a n\u00edvel nacional. Pala al\u00e9m de uma vasta gama de produtos repletos de qualidade e frescura, dispomos de um servi\u00e7o de entregas r\u00e1pido e eficaz.<\/p>\n<p>Sabemos que o seu neg\u00f3cio n\u00e3o lhe deixa muito tempo livre, por isso sugerimos-lhe que n\u00e3o perca tempo a pesquisar no google fornecedores de alimentos para restaurantes, pastelarias etc. Ligue para a nossa linha que n\u00f3s tratamos do assunto.<\/p>\n<p>O seu estabelecimento n\u00e3o se insere na descri\u00e7\u00e3o acima mas apesar disso tem constantemente fornecedores de alimentos para restaurantes a baterem-lhe \u00e0 porta? Provavelmente a sua onda \u00e9 mais o Livre Servi\u00e7o. Clique na caixa abaixo e ver\u00e1 que continuamos aqui para si.<\/p>\n<\/div>[vc_btn title=&#8221;Livre Servi\u00e7o&#8221; style=&#8221;outline&#8221; shape=&#8221;round&#8221; align=&#8221;center&#8221; css=&#8221;.vc_custom_1568036240624{margin-top: 30px !important;}&#8221; link=&#8221;url:https%3A%2F%2Fmeigal.pt%2Fempresas-de-distribuicao-de-produtos-alimentares%2F|title:Food%20Service||&#8221;]<\/div><\/div><\/div><\/div><\/div><\/div><\/div><\/section><div class=\"vc_row-full-width vc_clearfix\"><\/div>\n","protected":false},"excerpt":{"rendered":"<p>Um dos fornecedores de alimentos para restaurantes e outros estabelecimentos direcionados para o  food service.<\/p>\n","protected":false},"author":1,"featured_media":21691,"parent":0,"menu_order":0,"comment_status":"closed","ping_status":"closed","template":"","meta":{"_mi_skip_tracking":false},"yoast_head":"<!-- This site is optimized with the Yoast SEO plugin v19.1 - https:\/\/yoast.com\/wordpress\/plugins\/seo\/ -->\n<title>Meigal | Fornecedores de alimentos para restaurantes | Food Service<\/title>\n<meta name=\"description\" content=\"A Meigal \u00e9 um dos fornecedores de alimentos para restaurantes e outros estabelecimentos direcionados para o food service. Clique e saiba mais sobre n\u00f3s\" \/>\n<meta name=\"robots\" content=\"index, follow, max-snippet:-1, max-image-preview:large, max-video-preview:-1\" \/>\n<link rel=\"canonical\" href=\"https:\/\/meigal.fr\/pt\/fornecedores-de-alimentos-para-restaurantes\/\" \/>\n<meta property=\"og:locale\" content=\"pt_PT\" \/>\n<meta property=\"og:type\" content=\"article\" \/>\n<meta property=\"og:title\" content=\"Meigal | Fornecedores de alimentos para restaurantes | Food Service\" \/>\n<meta property=\"og:description\" content=\"A Meigal \u00e9 um dos fornecedores de alimentos para restaurantes e outros estabelecimentos direcionados para o food service. Clique e saiba mais sobre n\u00f3s\" \/>\n<meta property=\"og:url\" content=\"https:\/\/meigal.fr\/pt\/fornecedores-de-alimentos-para-restaurantes\/\" \/>\n<meta property=\"og:site_name\" content=\"Meigal\" \/>\n<meta property=\"article:modified_time\" content=\"2022-11-14T11:42:49+00:00\" \/>\n<meta property=\"og:image\" content=\"https:\/\/meigal.fr\/wp-content\/uploads\/2019\/04\/receita-de-perna-de-borrego-assada.jpg\" \/>\n\t<meta property=\"og:image:width\" content=\"1140\" \/>\n\t<meta property=\"og:image:height\" content=\"400\" \/>\n\t<meta property=\"og:image:type\" content=\"image\/jpeg\" \/>\n<meta name=\"twitter:card\" content=\"summary_large_image\" \/>\n<meta name=\"twitter:label1\" content=\"Tempo estimado de leitura\" \/>\n\t<meta name=\"twitter:data1\" content=\"2 minutos\" \/>\n<script type=\"application\/ld+json\" class=\"yoast-schema-graph\">{\"@context\":\"https:\/\/schema.org\",\"@graph\":[{\"@type\":\"WebSite\",\"@id\":\"https:\/\/meigal.fr\/#website\",\"url\":\"https:\/\/meigal.fr\/\",\"name\":\"Meigal\",\"description\":\"Distribuidor de produtos alimentares\",\"potentialAction\":[{\"@type\":\"SearchAction\",\"target\":{\"@type\":\"EntryPoint\",\"urlTemplate\":\"https:\/\/meigal.fr\/?s={search_term_string}\"},\"query-input\":\"required name=search_term_string\"}],\"inLanguage\":\"pt-PT\"},{\"@type\":\"ImageObject\",\"inLanguage\":\"pt-PT\",\"@id\":\"https:\/\/meigal.fr\/pt\/fornecedores-de-alimentos-para-restaurantes\/#primaryimage\",\"url\":\"https:\/\/meigal.fr\/wp-content\/uploads\/2019\/04\/receita-de-perna-de-borrego-assada.jpg\",\"contentUrl\":\"https:\/\/meigal.fr\/wp-content\/uploads\/2019\/04\/receita-de-perna-de-borrego-assada.jpg\",\"width\":1140,\"height\":400},{\"@type\":\"WebPage\",\"@id\":\"https:\/\/meigal.fr\/pt\/fornecedores-de-alimentos-para-restaurantes\/#webpage\",\"url\":\"https:\/\/meigal.fr\/pt\/fornecedores-de-alimentos-para-restaurantes\/\",\"name\":\"Meigal | Fornecedores de alimentos para restaurantes | Food Service\",\"isPartOf\":{\"@id\":\"https:\/\/meigal.fr\/#website\"},\"primaryImageOfPage\":{\"@id\":\"https:\/\/meigal.fr\/pt\/fornecedores-de-alimentos-para-restaurantes\/#primaryimage\"},\"datePublished\":\"2019-04-29T09:23:08+00:00\",\"dateModified\":\"2022-11-14T11:42:49+00:00\",\"description\":\"A Meigal \u00e9 um dos fornecedores de alimentos para restaurantes e outros estabelecimentos direcionados para o food service. Clique e saiba mais sobre n\u00f3s\",\"breadcrumb\":{\"@id\":\"https:\/\/meigal.fr\/pt\/fornecedores-de-alimentos-para-restaurantes\/#breadcrumb\"},\"inLanguage\":\"pt-PT\",\"potentialAction\":[{\"@type\":\"ReadAction\",\"target\":[\"https:\/\/meigal.fr\/pt\/fornecedores-de-alimentos-para-restaurantes\/\"]}]},{\"@type\":\"BreadcrumbList\",\"@id\":\"https:\/\/meigal.fr\/pt\/fornecedores-de-alimentos-para-restaurantes\/#breadcrumb\",\"itemListElement\":[{\"@type\":\"ListItem\",\"position\":1,\"name\":\"In\u00edcio\",\"item\":\"https:\/\/meigal.fr\/\"},{\"@type\":\"ListItem\",\"position\":2,\"name\":\"Food Service\"}]}]}<\/script>\n<!-- \/ Yoast SEO plugin. -->","yoast_head_json":{"title":"Meigal | Fornecedores de alimentos para restaurantes | Food Service","description":"A Meigal \u00e9 um dos fornecedores de alimentos para restaurantes e outros estabelecimentos direcionados para o food service. Clique e saiba mais sobre n\u00f3s","robots":{"index":"index","follow":"follow","max-snippet":"max-snippet:-1","max-image-preview":"max-image-preview:large","max-video-preview":"max-video-preview:-1"},"canonical":"https:\/\/meigal.fr\/pt\/fornecedores-de-alimentos-para-restaurantes\/","og_locale":"pt_PT","og_type":"article","og_title":"Meigal | Fornecedores de alimentos para restaurantes | Food Service","og_description":"A Meigal \u00e9 um dos fornecedores de alimentos para restaurantes e outros estabelecimentos direcionados para o food service. Clique e saiba mais sobre n\u00f3s","og_url":"https:\/\/meigal.fr\/pt\/fornecedores-de-alimentos-para-restaurantes\/","og_site_name":"Meigal","article_modified_time":"2022-11-14T11:42:49+00:00","og_image":[{"width":1140,"height":400,"url":"https:\/\/meigal.fr\/wp-content\/uploads\/2019\/04\/receita-de-perna-de-borrego-assada.jpg","type":"image\/jpeg"}],"twitter_card":"summary_large_image","twitter_misc":{"Tempo estimado de leitura":"2 minutos"},"schema":{"@context":"https:\/\/schema.org","@graph":[{"@type":"WebSite","@id":"https:\/\/meigal.fr\/#website","url":"https:\/\/meigal.fr\/","name":"Meigal","description":"Distribuidor de produtos alimentares","potentialAction":[{"@type":"SearchAction","target":{"@type":"EntryPoint","urlTemplate":"https:\/\/meigal.fr\/?s={search_term_string}"},"query-input":"required name=search_term_string"}],"inLanguage":"pt-PT"},{"@type":"ImageObject","inLanguage":"pt-PT","@id":"https:\/\/meigal.fr\/pt\/fornecedores-de-alimentos-para-restaurantes\/#primaryimage","url":"https:\/\/meigal.fr\/wp-content\/uploads\/2019\/04\/receita-de-perna-de-borrego-assada.jpg","contentUrl":"https:\/\/meigal.fr\/wp-content\/uploads\/2019\/04\/receita-de-perna-de-borrego-assada.jpg","width":1140,"height":400},{"@type":"WebPage","@id":"https:\/\/meigal.fr\/pt\/fornecedores-de-alimentos-para-restaurantes\/#webpage","url":"https:\/\/meigal.fr\/pt\/fornecedores-de-alimentos-para-restaurantes\/","name":"Meigal | Fornecedores de alimentos para restaurantes | Food Service","isPartOf":{"@id":"https:\/\/meigal.fr\/#website"},"primaryImageOfPage":{"@id":"https:\/\/meigal.fr\/pt\/fornecedores-de-alimentos-para-restaurantes\/#primaryimage"},"datePublished":"2019-04-29T09:23:08+00:00","dateModified":"2022-11-14T11:42:49+00:00","description":"A Meigal \u00e9 um dos fornecedores de alimentos para restaurantes e outros estabelecimentos direcionados para o food service. Clique e saiba mais sobre n\u00f3s","breadcrumb":{"@id":"https:\/\/meigal.fr\/pt\/fornecedores-de-alimentos-para-restaurantes\/#breadcrumb"},"inLanguage":"pt-PT","potentialAction":[{"@type":"ReadAction","target":["https:\/\/meigal.fr\/pt\/fornecedores-de-alimentos-para-restaurantes\/"]}]},{"@type":"BreadcrumbList","@id":"https:\/\/meigal.fr\/pt\/fornecedores-de-alimentos-para-restaurantes\/#breadcrumb","itemListElement":[{"@type":"ListItem","position":1,"name":"In\u00edcio","item":"https:\/\/meigal.fr\/"},{"@type":"ListItem","position":2,"name":"Food Service"}]}]}},"_links":{"self":[{"href":"https:\/\/meigal.fr\/pt\/wp-json\/wp\/v2\/pages\/21830"}],"collection":[{"href":"https:\/\/meigal.fr\/pt\/wp-json\/wp\/v2\/pages"}],"about":[{"href":"https:\/\/meigal.fr\/pt\/wp-json\/wp\/v2\/types\/page"}],"author":[{"embeddable":true,"href":"https:\/\/meigal.fr\/pt\/wp-json\/wp\/v2\/users\/1"}],"replies":[{"embeddable":true,"href":"https:\/\/meigal.fr\/pt\/wp-json\/wp\/v2\/comments?post=21830"}],"version-history":[{"count":30,"href":"https:\/\/meigal.fr\/pt\/wp-json\/wp\/v2\/pages\/21830\/revisions"}],"predecessor-version":[{"id":25418,"href":"https:\/\/meigal.fr\/pt\/wp-json\/wp\/v2\/pages\/21830\/revisions\/25418"}],"wp:featuredmedia":[{"embeddable":true,"href":"https:\/\/meigal.fr\/pt\/wp-json\/wp\/v2\/media\/21691"}],"wp:attachment":[{"href":"https:\/\/meigal.fr\/pt\/wp-json\/wp\/v2\/media?parent=21830"}],"curies":[{"name":"wp","href":"https:\/\/api.w.org\/{rel}","templated":true}]}}